{"id":8574,"date":"2023-04-24T11:29:21","date_gmt":"2023-04-24T11:29:21","guid":{"rendered":"https:\/\/www.alim.net\/?page_id=8574"},"modified":"2023-04-24T11:34:26","modified_gmt":"2023-04-24T11:34:26","slug":"gizlilik-politikasi","status":"publish","type":"page","link":"https:\/\/goldsoft.com.tr\/en\/gizlilik-politikasi\/","title":{"rendered":"Gizlilik Politikas\u0131"},"content":{"rendered":"<div data-elementor-type=\"wp-page\" data-elementor-id=\"8574\" class=\"elementor elementor-8574\">\n\t\t\t\t\t\t\t\t\t<section class=\"wd-negative-gap elementor-section elementor-top-section elementor-element elementor-element-1d2f5d4 elementor-section-boxed elementor-section-height-default elementor-section-height-default wd-section-disabled\" data-id=\"1d2f5d4\" data-element_type=\"section\">\n\t\t\t\t\t\t<div class=\"elementor-container elementor-column-gap-default\">\n\t\t\t\t\t<div class=\"elementor-column elementor-col-100 elementor-top-column elementor-element elementor-element-d7ddccd\" data-id=\"d7ddccd\" data-element_type=\"column\">\n\t\t\t<div class=\"elementor-widget-wrap elementor-element-populated\">\n\t\t\t\t\t\t\t\t<div class=\"elementor-element elementor-element-8a3c9e1 elementor-widget elementor-widget-wd_text_block\" data-id=\"8a3c9e1\" data-element_type=\"widget\" data-widget_type=\"wd_text_block.default\">\n\t\t\t\t<div class=\"elementor-widget-container\">\n\t\t\t\t\t<div class=\"wd-text-block reset-last-child text-left\">\n\t\t\t\n\t\t\t<p>\u015eehit \u00c7etin G\u00f6rg\u00fc Sokak No:10\/5 06570 Maltepe-ANKARA located at the address of Goldsoft Yaz\u0131l\u0131m Bili\u015fim \u0130leti\u015fim Teknolojileri ve E\u011fitim Hiz. San.Tic.Ltd.\u015eti. will not use the personal information of users transmitted through www.goldsoft.com.tr (\u201cWebsite\u201d) for purposes other than the purposes and scope determined by the Privacy Policy, and will not share it with third parties without permission. . In addition, the user consents to the sharing of the information he\/she shares with all Do\u011fu\u015f Holding affiliates in order to offer special advantages and to notify all kinds of communication activities for sales, marketing and similar purposes. (For detailed information about Do\u011fu\u015f Holding subsidiaries; www.dogusgrubu.com.tr)<br \/>Personal information; It contains all kinds of personal information to identify the user directly or indirectly, such as name, surname, date of birth, home address, mobile and fixed phone number, e-mail address, and will be referred to as \"Confidential Information\" for short.<br \/>Goldsoft Yaz\u0131l\u0131m may use personal information for profiling, statistical studies, advertising, promotion, marketing and other communication activities and may share it with third parties within your knowledge only for the purpose of carrying out these studies.<br \/>Goldsoft Yaz\u0131l\u0131m undertakes to keep personal information strictly confidential, to consider it a confidentiality obligation, to ensure and maintain confidentiality, to take the necessary precautions and to show due diligence to prevent all or any part of confidential information from entering the public domain or unauthorized use or disclosure to a third party. is doing. Despite Goldsoft Software taking the necessary information security measures, Goldsoft Yaz\u0131l\u0131m will not be liable if confidential information is damaged or in the hands of third parties as a result of attacks on the website and the system.<br \/>Goldsoft Software can obtain information about users and users' use of the website by using a technical communication file (Cookie-Cookie). However, if users wish, they can change the browser settings so that the technical communication file does not arrive or a warning is given when the technical communication file is sent.<br \/>Users can always update their Membership\/Personal information and communication preferences by logging into the system. You can also send your requests in this regard by contacting us from the contact information on our website. Your request will be evaluated and implemented as soon as possible.<br \/>If you do not want to receive promotional and announcement e-mails from Goldsoft.com.tr, click the Update Information tab under the My Information heading on the My Account page. On the page that opens, uncheck the option \"I want to be notified of campaigns via e-mail\".<br \/>Each User will be deemed to have accepted the terms of this Privacy Policy by visiting this Website.<\/p>\n\t\t\t\t\t<\/div>\n\t\t\t\t<\/div>\n\t\t\t\t<\/div>\n\t\t\t\t\t<\/div>\n\t\t<\/div>\n\t\t\t\t\t\t\t<\/div>\n\t\t<\/section>\n\t\t\t\t\t\t\t<\/div>","protected":false},"excerpt":{"rendered":"<p>\u015eehit \u00c7etin G\u00f6rg\u00fc Sokak No:10\/5 06570 Maltepe-ANKARA adresinde mukim Goldsoft Yaz\u0131l\u0131m Bilgi \u0130\u015flem \u0130leti\u015fim Teknolojileri ve E\u011fitim Hiz. San.Tic.Ltd.\u015eti., kullan\u0131c\u0131lar\u0131n<\/p>","protected":false},"author":1,"featured_media":0,"parent":0,"menu_order":0,"comment_status":"closed","ping_status":"closed","template":"","meta":{"_joinchat":[],"footnotes":""},"class_list":["post-8574","page","type-page","status-publish","hentry"],"_links":{"self":[{"href":"https:\/\/goldsoft.com.tr\/en\/wp-json\/wp\/v2\/pages\/8574","targetHints":{"allow":["GET"]}}],"collection":[{"href":"https:\/\/goldsoft.com.tr\/en\/wp-json\/wp\/v2\/pages"}],"about":[{"href":"https:\/\/goldsoft.com.tr\/en\/wp-json\/wp\/v2\/types\/page"}],"author":[{"embeddable":true,"href":"https:\/\/goldsoft.com.tr\/en\/wp-json\/wp\/v2\/users\/1"}],"replies":[{"embeddable":true,"href":"https:\/\/goldsoft.com.tr\/en\/wp-json\/wp\/v2\/comments?post=8574"}],"version-history":[{"count":5,"href":"https:\/\/goldsoft.com.tr\/en\/wp-json\/wp\/v2\/pages\/8574\/revisions"}],"predecessor-version":[{"id":8579,"href":"https:\/\/goldsoft.com.tr\/en\/wp-json\/wp\/v2\/pages\/8574\/revisions\/8579"}],"wp:attachment":[{"href":"https:\/\/goldsoft.com.tr\/en\/wp-json\/wp\/v2\/media?parent=8574"}],"curies":[{"name":"wp","href":"https:\/\/api.w.org\/{rel}","templated":true}]}}