{"id":8592,"date":"2023-04-24T11:46:47","date_gmt":"2023-04-24T11:46:47","guid":{"rendered":"https:\/\/www.alim.net\/?page_id=8592"},"modified":"2023-04-24T11:48:48","modified_gmt":"2023-04-24T11:48:48","slug":"odeme-ve-teslimat","status":"publish","type":"page","link":"https:\/\/goldsoft.com.tr\/en\/odeme-ve-teslimat\/","title":{"rendered":"PAYMENT and DELIVERY"},"content":{"rendered":"<div data-elementor-type=\"wp-page\" data-elementor-id=\"8592\" class=\"elementor elementor-8592\">\n\t\t\t\t\t\t\t\t\t<section class=\"wd-negative-gap elementor-section elementor-top-section elementor-element elementor-element-b345110 elementor-section-boxed elementor-section-height-default elementor-section-height-default wd-section-disabled\" data-id=\"b345110\" data-element_type=\"section\">\n\t\t\t\t\t\t<div class=\"elementor-container elementor-column-gap-default\">\n\t\t\t\t\t<div class=\"elementor-column elementor-col-100 elementor-top-column elementor-element elementor-element-fe98d58\" data-id=\"fe98d58\" data-element_type=\"column\">\n\t\t\t<div class=\"elementor-widget-wrap elementor-element-populated\">\n\t\t\t\t\t\t\t\t<div class=\"elementor-element elementor-element-c5455b6 elementor-widget elementor-widget-wd_text_block\" data-id=\"c5455b6\" data-element_type=\"widget\" data-widget_type=\"wd_text_block.default\">\n\t\t\t\t<div class=\"elementor-widget-container\">\n\t\t\t\t\t<div class=\"wd-text-block reset-last-child text-left\">\n\t\t\t\n\t\t\t<p>PAYMENT and DELIVERY<\/p><p>\u00d6deme :<br \/>Goldsoft.com.tr \u00fczerinden vermi\u015f oldu\u011funuz sipari\u015fler ile ilgili ilk ad\u0131m \u00f6deme kontrol\u00fcn\u00fcn yap\u0131lmas\u0131d\u0131r. Havale \/ EFT veya Kredi Kart\u0131 \u00d6deme sistemi ile yapaca\u011f\u0131n\u0131z al\u0131\u015fveri\u015flerde, sipari\u015f tutar\u0131n\u0131n hesaplar\u0131m\u0131za ge\u00e7mesiyle teslimat s\u00fcresi ba\u015flar. (saat 15.30 \u2018dan sonra verilen sipari\u015fler ertesi g\u00fcn i\u015fleme al\u0131n\u0131r) ve stok durumu kontrol edilir, sipari\u015f verilen \u00fcr\u00fcnlerin tedarik\u00e7iden temininin sa\u011flanmas\u0131yla en ge\u00e7 5 (Be\u015f) i\u015f g\u00fcn\u00fc i\u00e7erisinde kargoya verilir.<\/p><p>Havale ve EFT \u0130le \u00d6deme :<br \/>3 (\u00fc\u00e7) i\u015f g\u00fcn\u00fc i\u00e7erisinde hesaba ge\u00e7meyen havale \/ EFT \u00f6demeli sipari\u015fleriniz ge\u00e7ersiz say\u0131l\u0131r.<\/p><p>Havale \/ EFT sistemi ile yap\u0131lan al\u0131\u015fveri\u015flerde, havale \/ EFT yap\u0131ld\u0131ktan sonra kullan\u0131c\u0131 men\u00fcs\u00fcnden, havale bildirim formunu doldurarak bildirimde bulunman\u0131z, \u00fcr\u00fcn\u00fcn\u00fcz\u00fcn size daha h\u0131zl\u0131 ula\u015fmas\u0131 konusunda katk\u0131 sa\u011flayacakt\u0131r.<\/p><p>Posta \u00c7eki \u0130le \u00d6deme :<br \/>Havale \/ EFT sistemi ile benzer \u00f6zellikleri ta\u015f\u0131maktad\u0131r. Sistemde belirtilmi\u015f olan PTT Posta \u00c7eki numaras\u0131 ile hesab\u0131m\u0131za havale i\u015fleminin ger\u00e7ekle\u015ftirilmesi gerekmektedir. Havale i\u015flemi yap\u0131ld\u0131ktan sonra kullan\u0131c\u0131 men\u00fcs\u00fcnden, havale bildirim formunu doldurarak bildirimde bulunman\u0131z, \u00fcr\u00fcn\u00fcn\u00fcz\u00fcn size daha h\u0131zl\u0131 ula\u015fmas\u0131 konusunda katk\u0131 sa\u011flayacakt\u0131r.<\/p><p>Kap\u0131da \u00d6deme :<br \/>Kap\u0131da \u00f6deme se\u00e7enekli sipari\u015flerinizde gerekli g\u00f6r\u00fcld\u00fc\u011f\u00fc durumda telefon ile m\u00fc\u015fteri onay\u0131 al\u0131narak sipari\u015f i\u015fleme konur. Bu nedenle belirtmi\u015f oldu\u011funuz numaran\u0131n size ula\u015fabilece\u011fimiz bir numara olmas\u0131 gerekmektedir. Kap\u0131da \u00f6deme se\u00e7ene\u011finde \u00f6demenin kap\u0131da nakit veya kredi kart\u0131 ile yap\u0131laca\u011f\u0131 bilgisinin sipari\u015f esnas\u0131nda belirtilmesi gerekmektedir. Kap\u0131da kredi kart\u0131 ile \u00f6demelerde kredi kart\u0131na taksitlendirme olmay\u0131p tek \u00e7ekim olarak tahsilat yap\u0131lmaktad\u0131r. Ayr\u0131ca \u00fcr\u00fcn\u00fcn teslim edilece\u011fi ki\u015fi ile kredi kart\u0131 sahibinin ayn\u0131 ki\u015fi olmas\u0131 gerekmektedir.<\/p><p>Kap\u0131da \u00f6deme se\u00e7ene\u011fi se\u00e7ildi\u011fi durumlarda, kap\u0131da \u00f6deme bedeli olarak 5 TL (\u00dc\u00e7 T\u00fcrk Liras\u0131) otomatik olarak toplam tutara eklenir. Kap\u0131da \u00f6deme bedeli kargo (ta\u015f\u0131ma) bedelinden farkl\u0131 bir hizmet olup kargo \u015firketine ek \u00fccret olarak \u00f6deme yap\u0131lmaktad\u0131r. Bu bedel kargo \u015firketinin belirlemi\u015f oldu\u011fu bir tutar olup firmam\u0131zla direkt bir alakas\u0131 bulunmamaktad\u0131r. 70 TL ve \u00fczeri al\u0131\u015fveri\u015flerinizde kap\u0131da \u00f6deme se\u00e7ene\u011fini se\u00e7mi\u015f iseniz sadece kap\u0131da \u00f6deme bedelini \u00f6demeniz yeterli olacakt\u0131r.<\/p><p>Kargo (Teslimat):<br \/>Tutar\u0131 70 TL ve \u00fczerinde olan sipari\u015flerin kargo bedeli firmam\u0131z taraf\u0131ndan kar\u015f\u0131lanmaktad\u0131r. Tutar\u0131 70 TL \u2018nin alt\u0131nda olan sipari\u015flerde, kargo bedeli sistem taraf\u0131ndan hesaplanarak toplam tutara otomatik olarak eklenir. \u00dcr\u00fcn ve kargo bedeli toplam\u0131n\u0131 sipari\u015f sonland\u0131r\u0131lmadan bir \u00f6nceki a\u015famada g\u00f6rebilirsiniz.<\/p><p>Not : Anla\u015fmal\u0131 oldu\u011fumuz kargo firamas\u0131na ait \u015fubenin bulunmad\u0131\u011f\u0131 ve mobil ta\u015f\u0131ma yap\u0131lan b\u00f6lgelerde kargo kar\u015f\u0131 \u00f6demeli olarak g\u00f6nderilir (mobil ta\u015f\u0131ma \u00fccreti al\u0131c\u0131 taraf\u0131ndan \u00f6denmektedir). Sisteme \u00f6denen kargo bedeli tekrar iade edilir.<\/p><p>Kargo firmalar\u0131n\u0131n yurti\u00e7i teslimat s\u00fcreleri 1 ila 5 g\u00fcn aras\u0131nda de\u011fi\u015fiklik g\u00f6stermektedir.(Teslimat adresinin bulundu\u011funuz \u015fehirde kargo \u015fubesine uzakl\u0131\u011f\u0131yla de\u011fi\u015fkenlik g\u00f6stermektedir). Sipari\u015finizle ilgili kargo takip bilgisi kargo teslimini takiben en k\u0131sa s\u00fcre i\u00e7erisinde sisteme kay\u0131tl\u0131 olan e-posta adresinize g\u00f6nderilmektedir. \u00dcye giri\u015fi yaparak sa\u011f \u00fcst k\u0131sm\u0131nda yer alan kullan\u0131c\u0131 men\u00fcs\u00fcndeki sipari\u015flerim b\u00f6l\u00fcm\u00fcnden kargo takip bilgisine ula\u015fabilece\u011finiz gibi, e-posta veya telefon yolu ile m\u00fc\u015fteri hizmetleri ile irtibata ge\u00e7erek kargo takip bilgisini \u00f6\u011frenebilirsiniz.<\/p>\n\t\t\t\t\t<\/div>\n\t\t\t\t<\/div>\n\t\t\t\t<\/div>\n\t\t\t\t\t<\/div>\n\t\t<\/div>\n\t\t\t\t\t\t\t<\/div>\n\t\t<\/section>\n\t\t\t\t\t\t\t<\/div>","protected":false},"excerpt":{"rendered":"<p>\u00d6DEME VE TESL\u0130MAT \u00d6deme :Goldsoft.com.tr \u00fczerinden vermi\u015f oldu\u011funuz sipari\u015fler ile ilgili ilk ad\u0131m \u00f6deme kontrol\u00fcn\u00fcn yap\u0131lmas\u0131d\u0131r. Havale \/ EFT veya<\/p>","protected":false},"author":1,"featured_media":0,"parent":0,"menu_order":0,"comment_status":"closed","ping_status":"closed","template":"","meta":{"_joinchat":[],"footnotes":""},"class_list":["post-8592","page","type-page","status-publish","hentry"],"_links":{"self":[{"href":"https:\/\/goldsoft.com.tr\/en\/wp-json\/wp\/v2\/pages\/8592","targetHints":{"allow":["GET"]}}],"collection":[{"href":"https:\/\/goldsoft.com.tr\/en\/wp-json\/wp\/v2\/pages"}],"about":[{"href":"https:\/\/goldsoft.com.tr\/en\/wp-json\/wp\/v2\/types\/page"}],"author":[{"embeddable":true,"href":"https:\/\/goldsoft.com.tr\/en\/wp-json\/wp\/v2\/users\/1"}],"replies":[{"embeddable":true,"href":"https:\/\/goldsoft.com.tr\/en\/wp-json\/wp\/v2\/comments?post=8592"}],"version-history":[{"count":4,"href":"https:\/\/goldsoft.com.tr\/en\/wp-json\/wp\/v2\/pages\/8592\/revisions"}],"predecessor-version":[{"id":8596,"href":"https:\/\/goldsoft.com.tr\/en\/wp-json\/wp\/v2\/pages\/8592\/revisions\/8596"}],"wp:attachment":[{"href":"https:\/\/goldsoft.com.tr\/en\/wp-json\/wp\/v2\/media?parent=8592"}],"curies":[{"name":"wp","href":"https:\/\/api.w.org\/{rel}","templated":true}]}}