{"id":8598,"date":"2023-04-24T11:51:47","date_gmt":"2023-04-24T11:51:47","guid":{"rendered":"https:\/\/www.alim.net\/?page_id=8598"},"modified":"2023-04-24T11:53:05","modified_gmt":"2023-04-24T11:53:05","slug":"uyelik-sozlesmesi","status":"publish","type":"page","link":"https:\/\/goldsoft.com.tr\/en\/uyelik-sozlesmesi\/","title":{"rendered":"MEMBERSHIP AGREEMENT"},"content":{"rendered":"<div data-elementor-type=\"wp-page\" data-elementor-id=\"8598\" class=\"elementor elementor-8598\">\n\t\t\t\t\t\t\t\t\t<section class=\"wd-negative-gap elementor-section elementor-top-section elementor-element elementor-element-9b7a2de elementor-section-boxed elementor-section-height-default elementor-section-height-default wd-section-disabled\" data-id=\"9b7a2de\" data-element_type=\"section\">\n\t\t\t\t\t\t<div class=\"elementor-container elementor-column-gap-default\">\n\t\t\t\t\t<div class=\"elementor-column elementor-col-100 elementor-top-column elementor-element elementor-element-d459f98\" data-id=\"d459f98\" data-element_type=\"column\">\n\t\t\t<div class=\"elementor-widget-wrap elementor-element-populated\">\n\t\t\t\t\t\t\t\t<div class=\"elementor-element elementor-element-cdb3da3 elementor-widget elementor-widget-wd_text_block\" data-id=\"cdb3da3\" data-element_type=\"widget\" data-widget_type=\"wd_text_block.default\">\n\t\t\t\t<div class=\"elementor-widget-container\">\n\t\t\t\t\t<div class=\"wd-text-block reset-last-child text-left\">\n\t\t\t\n\t\t\t<p>\u00dcyelik Hakk\u0131nda<br \/>Ma\u011fazam\u0131za \u00fcye olmak i\u00e7in \u00dcye \u0130\u015flemleri sayfam\u0131za giderek ilgili b\u00f6l\u00fcmleri doldurman\u0131z yeterlidir.\u00dcye bilgilerinizi do\u011fru ve eksiksiz doldurman\u0131z ileti\u015fim ve ula\u015f\u0131m problemleri ya\u015fanmamas\u0131 a\u00e7\u0131s\u0131ndan \u00e7ok \u00f6nemlidir.\u00dcr\u00fcn ve hizmetlerin \u00e7abuk ve s\u0131hhatli bir \u015fekilde ula\u015fmas\u0131 i\u00e7in l\u00fctfen bilgilerinizi dikkatle ve eksiksiz doldurunuz.<br \/>\u00dcye olmak olduk\u00e7a basit ve h\u0131zl\u0131 bir i\u015flemdir. \u00dcye olman\u0131z hi\u00e7 bir y\u00fck\u00fcml\u00fcl\u00fck alt\u0131na girdi\u011finizi ifade etmez. Ancak al\u0131\u015fveri\u015f yapmadan \u00f6nce Sat\u0131\u015f s\u00f6zle\u015fmesini dikkatle okuyunuz. Diledi\u011finiz zaman \u00fcyeli\u011finizi sonland\u0131rma hakk\u0131na sahipsiniz.<\/p><p>\u00dcyelik \u0130ptali<br \/>\u00dcye diledi\u011fi zaman \u00fcyeli\u011fini sonland\u0131rma hakk\u0131na sahiptir. \u00dcyeli\u011finizi sonland\u0131rd\u0131ktan sonra sitemiz ile t\u00fcm ili\u015fkiniz kesilmi\u015f olacakt\u0131r.<br \/>\u00dcyeli\u011finizi sonland\u0131rmak i\u00e7in \u00fcye giri\u015fi yapt\u0131ktan sonra ileti\u015fim bilgileri sayfam\u0131zdan talebinizi iletmelisiniz.<\/p><p>A\u015fa\u011f\u0131daki Durumlarda \u00dcyelik \u0130ptal Edilemez<br \/>1 \u2013 \u00dcyenin en son vermi\u015f oldu\u011fu sipari\u015fin \u00fczerinden 60 g\u00fcn ge\u00e7memi\u015fse,<br \/>2 \u2013 Farkl\u0131 bir e-posta adresi ile \u00fcyelik iptal talebinde bulunulduysa,<br \/>3 \u2013 \u00dcyeye Kay\u0131tl\u0131 bilgilerinden ula\u015f\u0131lam\u0131yorsa,<br \/>A\u015fa\u011f\u0131daki Durumlarda \u00dcyelik Taraf\u0131m\u0131zdan \u0130ptal Edilir:<br \/>1 \u2013 \u00dcye Ahlak d\u0131\u015f\u0131, mesajlar g\u00f6nderiyor ya da yorum yaz\u0131yorsa,<br \/>2 \u2013 Sahtekarl\u0131k giri\u015fiminde bulunduysa,<br \/>3 \u2013 Sisteme veya islamiyazilimlar.com ismine zarar vermeye y\u00f6nelik giri\u015fimde bulunduysa.<\/p><p>\u00dcye G\u00fcvenli\u011fi<br \/>\u00dcyenin g\u00fcvenli\u011fi i\u00e7in ma\u011fazam\u0131zda her t\u00fcrl\u00fc \u00f6nlem al\u0131nm\u0131\u015ft\u0131r. Bu al\u0131nan \u00f6nlemlerin yan\u0131nda sizlerde \u00fcye bilgilerinizin g\u00fcvenli\u011finden sorumlusunuz. Ma\u011fazam\u0131za giri\u015f i\u00e7in kulland\u0131\u011f\u0131n\u0131z bilgilerinizi hi\u00e7 kimse ile payla\u015fmay\u0131n\u0131z, g\u00fcvenli oldu\u011fundan emin olmad\u0131\u011f\u0131n\u0131z bilgisayarlardan sisteme giri\u015f yapmay\u0131n\u0131z.<br \/>Farkl\u0131 Adres;<br \/>Her \u00fcye \u0130\u00e7in Sipari\u015f Sonland\u0131r\u0131rken kendi kay\u0131tl\u0131 adresi haricinde farkl\u0131 adres girebilece\u011fi bir adres b\u00f6l\u00fcm\u00fc bulunmaktad\u0131r.<br \/>Adres b\u00f6l\u00fcm\u00fcn\u00fc arkada\u015flar\u0131n\u0131za hediye g\u00f6nderirken kullanabilece\u011finiz gibi, farkl\u0131 adreslerde oldu\u011funuz d\u00f6nemlerde kullanabilmeniz i\u00e7in d\u00fc\u015f\u00fcn\u00fclm\u00fc\u015ft\u00fcr.<br \/>\u00d6rne\u011fin: \u00c7al\u0131\u015ft\u0131\u011f\u0131n\u0131z \u015firketin farkl\u0131 \u015fubelerinde bulunaca\u011f\u0131n\u0131z d\u00f6nemlerde veya yazl\u0131kta kald\u0131\u011f\u0131n\u0131z d\u00f6nemlerde. Ya da faturan\u0131n size sipari\u015finizin ise bir arkada\u015f\u0131n\u0131za ula\u015fmas\u0131n\u0131 istiyorsan\u0131z\u2026<\/p><p>\u00dcr\u00fcn Yorumlar\u0131<br \/>Her \u00fcye \u00fcr\u00fcnlere yorum yazabilir. Bilgilerinizi ve tecr\u00fcbelerinizi di\u011fer kullan\u0131c\u0131larla payla\u015ft\u0131k\u00e7a, al\u0131\u015fveri\u015f daha keyifli ve bilin\u00e7li olacakt\u0131r. M\u00fc\u015fteri yorumlar\u0131 tarafs\u0131z ve tecr\u00fcbeye dayal\u0131 olaca\u011f\u0131 i\u00e7in daha bilin\u00e7li al\u0131\u015fveri\u015f ortam\u0131 do\u011facakt\u0131r.<br \/>\u00dcr\u00fcn yorumu yazarken dikkat edilmesi gereken hususlar: Genel ahlak kurallar\u0131 \u00e7er\u00e7evesinde, di\u011fer kullan\u0131c\u0131lara ve \u00fcr\u00fcn\u00fcn \u00fcreticisine sayg\u0131l\u0131 yorumlar yazmaya \u00f6zen g\u00f6steriniz. Yorumlar incelenerek uygun g\u00f6r\u00fclmeyen yorumlar sistemden silinmektedir.<\/p>\n\t\t\t\t\t<\/div>\n\t\t\t\t<\/div>\n\t\t\t\t<\/div>\n\t\t\t\t\t<\/div>\n\t\t<\/div>\n\t\t\t\t\t\t\t<\/div>\n\t\t<\/section>\n\t\t\t\t\t\t\t<\/div>","protected":false},"excerpt":{"rendered":"<p>\u00dcyelik Hakk\u0131ndaMa\u011fazam\u0131za \u00fcye olmak i\u00e7in \u00dcye \u0130\u015flemleri sayfam\u0131za giderek ilgili b\u00f6l\u00fcmleri doldurman\u0131z yeterlidir.\u00dcye bilgilerinizi do\u011fru ve eksiksiz doldurman\u0131z ileti\u015fim ve<\/p>","protected":false},"author":1,"featured_media":0,"parent":0,"menu_order":0,"comment_status":"closed","ping_status":"closed","template":"","meta":{"_joinchat":[],"footnotes":""},"class_list":["post-8598","page","type-page","status-publish","hentry"],"_links":{"self":[{"href":"https:\/\/goldsoft.com.tr\/en\/wp-json\/wp\/v2\/pages\/8598","targetHints":{"allow":["GET"]}}],"collection":[{"href":"https:\/\/goldsoft.com.tr\/en\/wp-json\/wp\/v2\/pages"}],"about":[{"href":"https:\/\/goldsoft.com.tr\/en\/wp-json\/wp\/v2\/types\/page"}],"author":[{"embeddable":true,"href":"https:\/\/goldsoft.com.tr\/en\/wp-json\/wp\/v2\/users\/1"}],"replies":[{"embeddable":true,"href":"https:\/\/goldsoft.com.tr\/en\/wp-json\/wp\/v2\/comments?post=8598"}],"version-history":[{"count":4,"href":"https:\/\/goldsoft.com.tr\/en\/wp-json\/wp\/v2\/pages\/8598\/revisions"}],"predecessor-version":[{"id":8602,"href":"https:\/\/goldsoft.com.tr\/en\/wp-json\/wp\/v2\/pages\/8598\/revisions\/8602"}],"wp:attachment":[{"href":"https:\/\/goldsoft.com.tr\/en\/wp-json\/wp\/v2\/media?parent=8598"}],"curies":[{"name":"wp","href":"https:\/\/api.w.org\/{rel}","templated":true}]}}