{"id":9921,"date":"2024-06-06T06:26:10","date_gmt":"2024-06-06T06:26:10","guid":{"rendered":"https:\/\/goldsoft.com.tr\/?post_type=product&#038;p=9921"},"modified":"2024-06-06T12:40:07","modified_gmt":"2024-06-06T12:40:07","slug":"alim-muallim-dini-bilgiler","status":"publish","type":"product","link":"https:\/\/goldsoft.com.tr\/en\/product\/alim-muallim-dini-bilgiler\/","title":{"rendered":"Alim &#038; Muallim &#8211; Dini Bilgiler"},"content":{"rendered":"","protected":false},"excerpt":{"rendered":"<p>Uygulama \u0130slam dini konular\u0131 hakk\u0131nda zengin bilgiler i\u00e7ermektedir.<br \/>\n* Elifba ve tecvid animasyonlu dersleri ile Kur&#8217;an \u00f6\u011frenmek hem kolay hem de e\u011flenceli bir hal almaktad\u0131r.<br \/>\n* Peygamberimiz Hz. Muhammed (sav) ve di\u011fer peygamberlerin hayat hikayeleri, peygamberimizin \u00e7ocuklar ile ileti\u015fimi ve sevgisi, peygamberimizin arkada\u015flar\u0131 hakk\u0131nda videolu anlat\u0131mlar,<br \/>\n*Namaz ve abdest -Erkek\/Kad\u0131n- hakk\u0131nda farzlar ve gerekli bilgiler 3 boyutlu video anlat\u0131mlar,<br \/>\n*Dua etmenin \u00f6nemi, peygamber efendimiz (sav)&#8217;\u0131n dilinden dualar ve Kur&#8217;an-\u0131 Kerim den dua \u00f6rnekleri,<br \/>\n*Genel k\u00fclt\u00fcrde bilgi birikiminizi destekleyecek ve yeni kelime-c\u00fcmle \u00f6\u011frenecek veya peki\u015ftirecek, c\u00fcmlelerin kategorileri (Atas\u00f6z\u00fc, Hadis, Vecize, Ayet) ve anlamlar\u0131 hakk\u0131nda bilgi sahibi olabilece\u011finiz b\u00f6l\u00fcmler uygulamada yer almaktad\u0131r.<\/p>\n<p>Kur&#8217;an<br \/>\n&#8211; ElifBa ve Tecvid<br \/>\nSiyer<br \/>\n&#8211; Can\u0131m Peygamberim<br \/>\n&#8211; \u00c7ocuk ve Peygamber<br \/>\n&#8211; Peygamberimizin Arkada\u015flar\u0131<br \/>\n&#8211; Peygamberler Tarihi<br \/>\n\u0130lmihal<br \/>\n\u2013 I Love My Lord So Much<br \/>\n&#8211; Namaz Nas\u0131l K\u0131l\u0131n\u0131r<br \/>\n&#8211; Namaz Dualar\u0131 ve K\u0131sa Sureler<br \/>\n&#8211; Hac ve Umre Rehberi<br \/>\n&#8211; Ramazan Oru\u00e7 \u0130msakiye<br \/>\nDua<br \/>\n&#8211; Dua Nas\u0131l Edilir<br \/>\n&#8211; Dini Hik\u00e2yeler<br \/>\nBilgi<br \/>\n&#8211; C\u00fcmle Kurma<br \/>\n&#8211; Bilgi Yar\u0131\u015fmas\u0131<br \/>\n&#8211; Bulmaca<\/p>","protected":false},"featured_media":9926,"comment_status":"closed","ping_status":"closed","template":"","meta":{"_joinchat":[]},"product_cat":[83],"product_tag":[],"class_list":["post-9921","product","type-product","status-publish","has-post-thumbnail","hentry","product_cat-mobil"],"_links":{"self":[{"href":"https:\/\/goldsoft.com.tr\/en\/wp-json\/wp\/v3\/product\/9921","targetHints":{"allow":["GET"]}}],"collection":[{"href":"https:\/\/goldsoft.com.tr\/en\/wp-json\/wp\/v3\/product"}],"about":[{"href":"https:\/\/goldsoft.com.tr\/en\/wp-json\/wp\/v2\/types\/product"}],"replies":[{"embeddable":true,"href":"https:\/\/goldsoft.com.tr\/en\/wp-json\/wp\/v2\/comments?post=9921"}],"version-history":[{"count":1,"href":"https:\/\/goldsoft.com.tr\/en\/wp-json\/wp\/v3\/product\/9921\/revisions"}],"predecessor-version":[{"id":9927,"href":"https:\/\/goldsoft.com.tr\/en\/wp-json\/wp\/v3\/product\/9921\/revisions\/9927"}],"wp:featuredmedia":[{"embeddable":true,"href":"https:\/\/goldsoft.com.tr\/en\/wp-json\/wp\/v2\/media\/9926"}],"wp:attachment":[{"href":"https:\/\/goldsoft.com.tr\/en\/wp-json\/wp\/v2\/media?parent=9921"}],"wp:term":[{"taxonomy":"product_cat","embeddable":true,"href":"https:\/\/goldsoft.com.tr\/en\/wp-json\/wp\/v2\/product_cat?post=9921"},{"taxonomy":"product_tag","embeddable":true,"href":"https:\/\/goldsoft.com.tr\/en\/wp-json\/wp\/v2\/product_tag?post=9921"}],"curies":[{"name":"wp","href":"https:\/\/api.w.org\/{rel}","templated":true}]}}